{"id":59,"date":"2019-01-11T11:38:16","date_gmt":"2019-01-11T10:38:16","guid":{"rendered":"http:\/\/villanizas.com\/?page_id=59"},"modified":"2020-05-31T19:42:58","modified_gmt":"2020-05-31T17:42:58","slug":"legal-notices","status":"publish","type":"page","link":"https:\/\/villanizas.com\/index.php\/legal-notices\/","title":{"rendered":"Legal Notices"},"content":{"rendered":"\n<p>MENTIONS LEGALES<\/p>\n\n\n\n<p>Nous vous remercions de votre visite sur le site  www.villanizas.com (ci-apr\u00e8s le \u201cSite\u201d)<\/p>\n\n\n\n<p>Informations g\u00e9n\u00e9rales :<\/p>\n\n\n\n<p>Ce site est propri\u00e9t\u00e9 de : Brigitte Kerridge<\/p>\n\n\n\n<p>Nom du responsable publication : Brigitte Kerridge<\/p>\n\n\n\n<p>Ce site a \u00e9t\u00e9 cr\u00e9\u00e9 par : Brigitte Kerridge et Suzanne Fitzgerald<\/p>\n\n\n\n<p>Ce site est maintenu par : Brigitte Kerridge<\/p>\n\n\n\n<p>Ce site est h\u00e9berg\u00e9 par : OVH France<\/p>\n\n\n\n<p>T\u00e9l\u00e9phone : +33 (0)6 21 90 05 21<\/p>\n\n\n\n<p>COPYRIGHT<\/p>\n\n\n\n<p>Villa Nizas &#8211; Brigitte Kerridge<\/p>\n\n\n\n<p>Le Site et les \u00e9l\u00e9ments qui le composent peuvent contenir des informations confidentielles ou des informations prot\u00e9g\u00e9es par la l\u00e9gislation sur la propri\u00e9t\u00e9 intellectuelle ou toute autre loi applicable.<\/p>\n\n\n\n<p>Sauf indication contraire, les droits de propri\u00e9t\u00e9 intellectuelle sur le Contenu sont la propri\u00e9t\u00e9 exclusive de Villa Nizas. Il est interdit \u00e0 l\u2019utilisateur de copier, modifier, cr\u00e9er une \u0153uvre d\u00e9riv\u00e9e, assembler, d\u00e9compiler, c\u00e9der, sous-licencier ou transf\u00e9rer, de quelque mani\u00e8re que ce soit, tout \u00e9l\u00e9ment du Contenu ou du Site, sauf pour un usage personnel.<\/p>\n\n\n\n<p>RESPONSABILITE<\/p>\n\n\n\n<p>Villa Nizas s\u2019efforce d\u2019assurer au mieux de ses moyens l\u2019exactitude et la mise \u00e0 jour des informations publi\u00e9es sur le Site. Villa Nizas se r\u00e9serve le droit de modifier, \u00e0 tout moment et sans pr\u00e9avis, le Contenu du Site. Toutefois, Villa Nizas ne peut garantir l\u2019exactitude, la pr\u00e9cision ou l\u2019exhaustivit\u00e9 du Contenu disponible sur le site et invite l\u2019utilisateur \u00e0 contacter Villa Nizas directement.<\/p>\n\n\n\n<p>CONCEPTION<\/p>\n\n\n\n<p>Le Site est d\u00e9velopp\u00e9 et con\u00e7u Brigitte Kerridge et Suzanne Fitzgerald<br>\n1 chemin de maldinat<br>\n34120 Pezenas<\/p>\n\n\n\n<p>HEBERGEMENT<\/p>\n\n\n\n<p>Le Site est h\u00e9berg\u00e9 par OVH Telecom<br>\nSite Internet www.ovhTelecom.fr<\/p>\n\n\n\n<p>CREDITS<\/p>\n\n\n\n<p>Texte : Brigitte Kerridge<br>\nPhotos : Brigitte Kerridge. Tous droits r\u00e9serv\u00e9s.<\/p>\n\n\n\n<p>PROTECTION DE DONNEES PERSONNELLES<\/p>\n\n\n\n<p>Villa Nizas veille \u00e0 la protection des donn\u00e9es personnelles des utilisateurs conform\u00e9ment aux dispositions de la Loi n\u00b0 78-17 Informatique et Libert\u00e9s du 6 janvier 1978.<\/p>\n\n\n\n<p>Par l\u2019interm\u00e9diaire du site Internet www.villanizas.com et Brigitte Kerridge peut \u00eatre amen\u00e9 \u00e0 collecter les donn\u00e9es personnelles de toute personne adressant une question ou demande de renseignements \u00e0 Villa Nizas.  La collecte et le traitement des donn\u00e9es personnelles transmises par l\u2019utilisateur Villa Nizas sont soumis aux dispositions de la Loi n\u00b0 78-17 Informatique et Libert\u00e9s du 6 janvier 1978 (modifi\u00e9e).<\/p>\n\n\n\n<p>L\u2019utilisateur dispose d\u2019un droit d\u2019acc\u00e8s, de rectification et de suppression des informations personnelles le concernant, ainsi que la possibilit\u00e9 de s\u2019opposer au traitement de ses donn\u00e9es, qu\u2019il peut exercer \u00e0 tout moment en adressant par T\u00e9l\u00e9phone : +33 (0)6 21 90 05 21<\/p>\n\n\n\n<p>Les informations indispensables pour r\u00e9pondre aux demandes des utilisateurs, tel que les noms, pr\u00e9nom, adresse, email de l\u2019utilisateur, sont mentionn\u00e9es par un ast\u00e9risque sur les formulaires de collecte. Si les champs comportant un ast\u00e9risque ne sont pas renseign\u00e9s, Villa Nizas ne pourra traiter les demandes des utilisateurs.<\/p>\n","protected":false},"excerpt":{"rendered":"<p>MENTIONS LEGALES Nous vous remercions de votre visite sur le site www.villanizas.com (ci-apr\u00e8s le \u201cSite\u201d) Informations g\u00e9n\u00e9rales : Ce site est propri\u00e9t\u00e9 de : Brigitte Kerridge Nom du responsable publication : Brigitte Kerridge Ce site a \u00e9t\u00e9 cr\u00e9\u00e9 par :<\/p>\n","protected":false},"author":1,"featured_media":0,"parent":0,"menu_order":15,"comment_status":"closed","ping_status":"closed","template":"","meta":{"spay_email":""},"yoast_head":"<!-- This site is optimized with the Yoast SEO plugin v15.6.2 - https:\/\/yoast.com\/wordpress\/plugins\/seo\/ -->\n<title>Legal Notices - Villa Nizas<\/title>\n<meta name=\"robots\" content=\"index, follow, max-snippet:-1, max-image-preview:large, max-video-preview:-1\" \/>\n<link rel=\"canonical\" href=\"https:\/\/villanizas.com\/index.php\/legal-notices\/\" \/>\n<meta property=\"og:locale\" content=\"en_GB\" \/>\n<meta property=\"og:type\" content=\"article\" \/>\n<meta property=\"og:title\" content=\"Legal Notices - Villa Nizas\" \/>\n<meta property=\"og:description\" content=\"MENTIONS LEGALES Nous vous remercions de votre visite sur le site www.villanizas.com (ci-apr\u00e8s le \u201cSite\u201d) Informations g\u00e9n\u00e9rales : Ce site est propri\u00e9t\u00e9 de : Brigitte Kerridge Nom du responsable publication : Brigitte Kerridge Ce site a \u00e9t\u00e9 cr\u00e9\u00e9 par :\" \/>\n<meta property=\"og:url\" content=\"https:\/\/villanizas.com\/index.php\/legal-notices\/\" \/>\n<meta property=\"og:site_name\" content=\"Villa Nizas\" \/>\n<meta property=\"article:publisher\" content=\"https:\/\/www.facebook.com\/VillaNizas\" \/>\n<meta property=\"article:modified_time\" content=\"2020-05-31T17:42:58+00:00\" \/>\n<meta name=\"twitter:card\" content=\"summary_large_image\" \/>\n<meta name=\"twitter:label1\" content=\"Estimated reading time\">\n\t<meta name=\"twitter:data1\" content=\"2 minutes\">\n<script type=\"application\/ld+json\" class=\"yoast-schema-graph\">{\"@context\":\"https:\/\/schema.org\",\"@graph\":[{\"@type\":\"WebSite\",\"@id\":\"https:\/\/villanizas.com\/#website\",\"url\":\"https:\/\/villanizas.com\/\",\"name\":\"Villa Nizas\",\"description\":\"\",\"potentialAction\":[{\"@type\":\"SearchAction\",\"target\":\"https:\/\/villanizas.com\/?s={search_term_string}\",\"query-input\":\"required name=search_term_string\"}],\"inLanguage\":\"en-GB\"},{\"@type\":\"WebPage\",\"@id\":\"https:\/\/villanizas.com\/index.php\/legal-notices\/#webpage\",\"url\":\"https:\/\/villanizas.com\/index.php\/legal-notices\/\",\"name\":\"Legal Notices - Villa Nizas\",\"isPartOf\":{\"@id\":\"https:\/\/villanizas.com\/#website\"},\"datePublished\":\"2019-01-11T10:38:16+00:00\",\"dateModified\":\"2020-05-31T17:42:58+00:00\",\"inLanguage\":\"en-GB\",\"potentialAction\":[{\"@type\":\"ReadAction\",\"target\":[\"https:\/\/villanizas.com\/index.php\/legal-notices\/\"]}]}]}<\/script>\n<!-- \/ Yoast SEO plugin. -->","jetpack_sharing_enabled":true,"jetpack_shortlink":"https:\/\/wp.me\/PaHhi3-X","jetpack-related-posts":[{"id":7,"url":"https:\/\/villanizas.com\/index.php\/contact\/","url_meta":{"origin":59,"position":0},"title":"Reviews","date":"10 January 2019","format":false,"excerpt":"\"My wife and I have spent 2 or 3 weeks every spring in Villa Nizas since 2016.\u00a0 \u00a0 The location is very quiet on the edge of the village, which has a shop, cafe and post office. Pezenas is 10 minutes drive away, a beautiful medieval town with shops and\u2026","rel":"","context":"Similar post","img":{"alt_text":"","src":"","width":0,"height":0},"classes":[]},{"id":10,"url":"https:\/\/villanizas.com\/index.php\/reservations\/","url_meta":{"origin":59,"position":1},"title":"Availability","date":"11 January 2019","format":false,"excerpt":"Please don't hesitate to contact us if you have any questions or would like to book. Contact Brigitte Kerridge 00 33 6 21 90 05 21 Email : Brigitte.Nizas@hotmail.com Availability as at 30\/03\/2026 Rental Rates Start DateEnd Date7 Nights\u00a01 Jan 2026\u00a031 May 2026\u00a36001 June 202630 Jun 2026\u00a37801 Jul 202629 Aug\u2026","rel":"","context":"Similar post","img":{"alt_text":"","src":"","width":0,"height":0},"classes":[]},{"id":54,"url":"https:\/\/villanizas.com\/index.php\/how-to-find-us\/","url_meta":{"origin":59,"position":2},"title":"How to find us..","date":"11 January 2019","format":false,"excerpt":"Villa Nizas is situated in the beautiful winemaking village of Nizas. We are easily accessible from a number of local and regional airports by car. 4, Chemin des Ch\u00e2taigniers, 34320, Nizas How to find us... AIRPORTS Bezier approx. 25 mins Montpellier 45 mins Carcassonne 1 hour and 15 mins Nimes\u2026","rel":"","context":"Similar post","img":{"alt_text":"","src":"","width":0,"height":0},"classes":[]}],"_links":{"self":[{"href":"https:\/\/villanizas.com\/index.php\/wp-json\/wp\/v2\/pages\/59"}],"collection":[{"href":"https:\/\/villanizas.com\/index.php\/wp-json\/wp\/v2\/pages"}],"about":[{"href":"https:\/\/villanizas.com\/index.php\/wp-json\/wp\/v2\/types\/page"}],"author":[{"embeddable":true,"href":"https:\/\/villanizas.com\/index.php\/wp-json\/wp\/v2\/users\/1"}],"replies":[{"embeddable":true,"href":"https:\/\/villanizas.com\/index.php\/wp-json\/wp\/v2\/comments?post=59"}],"version-history":[{"count":2,"href":"https:\/\/villanizas.com\/index.php\/wp-json\/wp\/v2\/pages\/59\/revisions"}],"predecessor-version":[{"id":109,"href":"https:\/\/villanizas.com\/index.php\/wp-json\/wp\/v2\/pages\/59\/revisions\/109"}],"wp:attachment":[{"href":"https:\/\/villanizas.com\/index.php\/wp-json\/wp\/v2\/media?parent=59"}],"curies":[{"name":"wp","href":"https:\/\/api.w.org\/{rel}","templated":true}]}}