{"id":15,"date":"2019-01-11T10:36:17","date_gmt":"2019-01-11T09:36:17","guid":{"rendered":"http:\/\/villanizas.com\/?page_id=15"},"modified":"2023-11-10T16:41:15","modified_gmt":"2023-11-10T15:41:15","slug":"villa-nizas","status":"publish","type":"page","link":"https:\/\/villanizas.com\/","title":{"rendered":"Home"},"content":{"rendered":"\n<h2>Villa Nizas with Private Pool<\/h2>\n\n\n\n<div class=\"wp-block-image\"><figure class=\"alignleft\"><img data-attachment-id=\"19\" data-permalink=\"https:\/\/villanizas.com\/23-view-of-nizas-village\/\" data-orig-file=\"https:\/\/i2.wp.com\/villanizas.com\/wp-content\/uploads\/2019\/01\/23-View-of-Nizas-village.jpg?fit=1023%2C768&amp;ssl=1\" data-orig-size=\"1023,768\" data-comments-opened=\"1\" data-image-meta=\"{&quot;aperture&quot;:&quot;0&quot;,&quot;credit&quot;:&quot;&quot;,&quot;camera&quot;:&quot;&quot;,&quot;caption&quot;:&quot;&quot;,&quot;created_timestamp&quot;:&quot;0&quot;,&quot;copyright&quot;:&quot;&quot;,&quot;focal_length&quot;:&quot;0&quot;,&quot;iso&quot;:&quot;0&quot;,&quot;shutter_speed&quot;:&quot;0&quot;,&quot;title&quot;:&quot;&quot;,&quot;orientation&quot;:&quot;0&quot;}\" data-image-title=\"Villa Nizas Village\" data-image-description=\"\" data-medium-file=\"https:\/\/i2.wp.com\/villanizas.com\/wp-content\/uploads\/2019\/01\/23-View-of-Nizas-village.jpg?fit=300%2C225&amp;ssl=1\" data-large-file=\"https:\/\/i2.wp.com\/villanizas.com\/wp-content\/uploads\/2019\/01\/23-View-of-Nizas-village.jpg?fit=660%2C495&amp;ssl=1\" loading=\"lazy\" width=\"300\" height=\"225\" src=\"https:\/\/i2.wp.com\/villanizas.com\/wp-content\/uploads\/2019\/01\/23-View-of-Nizas-village.jpg?resize=300%2C225&#038;ssl=1\" alt=\"\" class=\"wp-image-19\" srcset=\"https:\/\/i2.wp.com\/villanizas.com\/wp-content\/uploads\/2019\/01\/23-View-of-Nizas-village.jpg?resize=300%2C225&amp;ssl=1 300w, https:\/\/i2.wp.com\/villanizas.com\/wp-content\/uploads\/2019\/01\/23-View-of-Nizas-village.jpg?resize=768%2C577&amp;ssl=1 768w, https:\/\/i2.wp.com\/villanizas.com\/wp-content\/uploads\/2019\/01\/23-View-of-Nizas-village.jpg?w=1023&amp;ssl=1 1023w\" sizes=\"(max-width: 300px) 100vw, 300px\" data-recalc-dims=\"1\" \/><\/figure><\/div>\n\n\n\n<p><span class=\"has-inline-color has-luminous-vivid-orange-color\"><span style=\"text-decoration: underline;\">Villa Nizas<\/span><\/span><\/p>\n\n\n\n<p>Villa Nizas with private pool is an idyllic southern French villa. It is set down a private track on the edge of the quiet, medieval village of Nizas.  Walking Distance to Restaurants &amp; Amenities.<\/p>\n\n\n\n<div style=\"height:20px\" aria-hidden=\"true\" class=\"wp-block-spacer\"><\/div>\n\n\n\n<p>The large village shop sells everything you can need including fresh food and vegetables. There is a local bar\/caf\u00e9\/restaurant within walking distance. &nbsp;See our blog post&#8230;<\/p>\n\n\n\n<p><\/p>\n\n\n\n<div style=\"height:20px\" aria-hidden=\"true\" class=\"wp-block-spacer\"><\/div>\n\n\n\n<div style=\"height:27px\" aria-hidden=\"true\" class=\"wp-block-spacer\"><\/div>\n\n\n\n<div class=\"wp-block-image\"><figure class=\"alignright\"><img data-attachment-id=\"90\" data-permalink=\"https:\/\/villanizas.com\/index.php\/villa-nizas\/download\/\" data-orig-file=\"https:\/\/i0.wp.com\/villanizas.com\/wp-content\/uploads\/2019\/01\/download.jpg?fit=275%2C183&amp;ssl=1\" data-orig-size=\"275,183\" data-comments-opened=\"0\" data-image-meta=\"{&quot;aperture&quot;:&quot;0&quot;,&quot;credit&quot;:&quot;&quot;,&quot;camera&quot;:&quot;&quot;,&quot;caption&quot;:&quot;&quot;,&quot;created_timestamp&quot;:&quot;0&quot;,&quot;copyright&quot;:&quot;&quot;,&quot;focal_length&quot;:&quot;0&quot;,&quot;iso&quot;:&quot;0&quot;,&quot;shutter_speed&quot;:&quot;0&quot;,&quot;title&quot;:&quot;&quot;,&quot;orientation&quot;:&quot;0&quot;}\" data-image-title=\"download\" data-image-description=\"\" data-medium-file=\"https:\/\/i0.wp.com\/villanizas.com\/wp-content\/uploads\/2019\/01\/download.jpg?fit=275%2C183&amp;ssl=1\" data-large-file=\"https:\/\/i0.wp.com\/villanizas.com\/wp-content\/uploads\/2019\/01\/download.jpg?fit=275%2C183&amp;ssl=1\" loading=\"lazy\" width=\"275\" height=\"183\" src=\"https:\/\/i0.wp.com\/villanizas.com\/wp-content\/uploads\/2019\/01\/download.jpg?resize=275%2C183\" alt=\"\" class=\"wp-image-90\" data-recalc-dims=\"1\"\/><\/figure><\/div>\n\n\n\n<p><strong><span style=\"text-decoration: underline;\"><span style=\"color:#e56d06\" class=\"has-inline-color\">P\u00e9zenas.<\/span><\/span><\/strong><\/p>\n\n\n\n<p>Only a 5 minute drive from Nizas. P\u00e9zenas is the beautiful, historic town of Moli\u00e8re.   Visit the old town with cobbled streets and craft shops.<\/p>\n\n\n\n<div style=\"height:20px\" aria-hidden=\"true\" class=\"wp-block-spacer\"><\/div>\n\n\n\n<p><\/p>\n\n\n\n<p><\/p>\n\n\n\n<p>There are a wide choice of restaurants, cafes and bars and a busy Saturday market. &nbsp; See our blog post <a href=\"https:\/\/villanizas.com\/index.php\/2018\/12\/05\/pezenas-market\/\">Pezenas&nbsp;Market<\/a><\/p>\n\n\n\n<div style=\"height:37px\" aria-hidden=\"true\" class=\"wp-block-spacer\"><\/div>\n\n\n\n<div class=\"wp-block-image\"><figure class=\"alignleft\"><img data-attachment-id=\"100\" data-permalink=\"https:\/\/villanizas.com\/index.php\/villa-nizas\/img_7266-2\/\" data-orig-file=\"https:\/\/i1.wp.com\/villanizas.com\/wp-content\/uploads\/2019\/01\/IMG_7266-2.jpg?fit=1890%2C1411&amp;ssl=1\" data-orig-size=\"1890,1411\" data-comments-opened=\"0\" data-image-meta=\"{&quot;aperture&quot;:&quot;2.8&quot;,&quot;credit&quot;:&quot;&quot;,&quot;camera&quot;:&quot;iPhone 4&quot;,&quot;caption&quot;:&quot;&quot;,&quot;created_timestamp&quot;:&quot;1465050685&quot;,&quot;copyright&quot;:&quot;&quot;,&quot;focal_length&quot;:&quot;3.85&quot;,&quot;iso&quot;:&quot;80&quot;,&quot;shutter_speed&quot;:&quot;0.00026518164942986&quot;,&quot;title&quot;:&quot;&quot;,&quot;orientation&quot;:&quot;1&quot;}\" data-image-title=\"Marseillan Plage Beach near Villa Nizas\" data-image-description=\"\" data-medium-file=\"https:\/\/i1.wp.com\/villanizas.com\/wp-content\/uploads\/2019\/01\/IMG_7266-2.jpg?fit=300%2C224&amp;ssl=1\" data-large-file=\"https:\/\/i1.wp.com\/villanizas.com\/wp-content\/uploads\/2019\/01\/IMG_7266-2.jpg?fit=660%2C492&amp;ssl=1\" loading=\"lazy\" width=\"300\" height=\"224\" src=\"https:\/\/i1.wp.com\/villanizas.com\/wp-content\/uploads\/2019\/01\/IMG_7266-2-300x224.jpg?resize=300%2C224\" alt=\"Cap D'Agde Beach Villa Nizas\" class=\"wp-image-100\" srcset=\"https:\/\/i1.wp.com\/villanizas.com\/wp-content\/uploads\/2019\/01\/IMG_7266-2.jpg?resize=300%2C224&amp;ssl=1 300w, https:\/\/i1.wp.com\/villanizas.com\/wp-content\/uploads\/2019\/01\/IMG_7266-2.jpg?resize=768%2C573&amp;ssl=1 768w, https:\/\/i1.wp.com\/villanizas.com\/wp-content\/uploads\/2019\/01\/IMG_7266-2.jpg?resize=1024%2C764&amp;ssl=1 1024w, https:\/\/i1.wp.com\/villanizas.com\/wp-content\/uploads\/2019\/01\/IMG_7266-2.jpg?w=1890&amp;ssl=1 1890w, https:\/\/i1.wp.com\/villanizas.com\/wp-content\/uploads\/2019\/01\/IMG_7266-2.jpg?w=1320&amp;ssl=1 1320w\" sizes=\"(max-width: 300px) 100vw, 300px\" data-recalc-dims=\"1\" \/><\/figure><\/div>\n\n\n\n<p><span style=\"text-decoration: underline;\"><span class=\"has-inline-color has-luminous-vivid-orange-color\">Beaches.<\/span><\/span><\/p>\n\n\n\n<p>There are many sandy beaches to choose from.  Portiraignes is one of our favourites, and only a 25 minutes drive from Villa Nizas. M\u00e8ze and Marseillan Plage are also well worth a visit.<\/p>\n\n\n\n<p><a rel=\"noreferrer noopener\" aria-label=\" (opens in a new tab)\" href=\"http:\/\/marseillan-plage\" target=\"_blank\"><\/a><a href=\"https:\/\/villanizas.com\/index.php\/2019\/01\/28\/marseillan-plage\/\" target=\"_blank\" rel=\"noreferrer noopener\" aria-label=\"Marseillan-Plage (opens in a new tab)\">Marseillan-Plage<\/a><\/p>\n\n\n\n<div style=\"height:29px\" aria-hidden=\"true\" class=\"wp-block-spacer\"><\/div>\n\n\n\n<div style=\"height:20px\" aria-hidden=\"true\" class=\"wp-block-spacer\"><\/div>\n\n\n\n<p><span style=\"text-decoration: underline;\"><span class=\"has-inline-color has-luminous-vivid-orange-color\">Villa Nizas<\/span><\/span><\/p>\n\n\n\n<p>This single storey holiday villa has a large sunny terrace for dining or sunbathing.   Behind is an enclosed garden with badminton and table tennis set, barbecue.   <\/p>\n\n\n\n<p>There is a safe secluded swimming pool, measuring 8 x 4 x 1.4m.   There is also off road private parking.<\/p>\n\n\n\n<h3>Sports for all tastes<\/h3>\n\n\n\n<p>As Villa Nizas is perfectly situated close to a number of outdoor activity centres, you will find nearby canoeing, paragliding, rock climbing, golf, tennis and hiking. There are caves, grottos, and rock formations within a 30 minute drive from Villa Nizas.<\/p>\n\n\n\n<figure><iframe src=\"https:\/\/www.google.com\/maps\/embed?pb=!1m18!1m12!1m3!1d5756523.731207898!2d-0.2683339342281722!3d47.298798570451915!2m3!1f0!2f0!3f0!3m2!1i1024!2i768!4f13.1!3m3!1m2!1s0x12b169f9e247d899%3A0xd0d2e658a6caff9a!2sNizas!5e0!3m2!1sen!2sfr!4v1548065808653\" width=\"800\" height=\"450\" allowfullscreen=\"\"><\/iframe><\/figure>\n","protected":false},"excerpt":{"rendered":"<p>Villa Nizas with Private Pool Villa Nizas Villa Nizas with private pool is an idyllic southern French villa. It is set down a private track on the edge of the quiet, medieval village of Nizas. Walking Distance to Restaurants &amp;<\/p>\n","protected":false},"author":1,"featured_media":0,"parent":0,"menu_order":1,"comment_status":"closed","ping_status":"closed","template":"","meta":{"spay_email":""},"yoast_head":"<!-- This site is optimized with the Yoast SEO plugin v15.6.2 - https:\/\/yoast.com\/wordpress\/plugins\/seo\/ -->\n<title>Home - Villa Nizas<\/title>\n<meta name=\"description\" content=\"Villa Nizas family holiday villa with private pool near Pezenas, South of France\" \/>\n<meta name=\"robots\" content=\"index, follow, max-snippet:-1, max-image-preview:large, max-video-preview:-1\" \/>\n<link rel=\"canonical\" href=\"https:\/\/villanizas.com\/\" \/>\n<meta property=\"og:locale\" content=\"en_GB\" \/>\n<meta property=\"og:type\" content=\"article\" \/>\n<meta property=\"og:title\" content=\"Home - Villa Nizas\" \/>\n<meta property=\"og:description\" content=\"Villa Nizas family holiday villa with private pool near Pezenas, South of France\" \/>\n<meta property=\"og:url\" content=\"https:\/\/villanizas.com\/\" \/>\n<meta property=\"og:site_name\" content=\"Villa Nizas\" \/>\n<meta property=\"article:publisher\" content=\"https:\/\/www.facebook.com\/VillaNizas\" \/>\n<meta property=\"article:modified_time\" content=\"2023-11-10T15:41:15+00:00\" \/>\n<meta property=\"og:image\" content=\"https:\/\/villanizas.com\/wp-content\/uploads\/2019\/01\/23-View-of-Nizas-village-300x225.jpg\" \/>\n<meta name=\"twitter:card\" content=\"summary_large_image\" \/>\n<meta name=\"twitter:label1\" content=\"Estimated reading time\">\n\t<meta name=\"twitter:data1\" content=\"2 minutes\">\n<script type=\"application\/ld+json\" class=\"yoast-schema-graph\">{\"@context\":\"https:\/\/schema.org\",\"@graph\":[{\"@type\":\"WebSite\",\"@id\":\"https:\/\/villanizas.com\/#website\",\"url\":\"https:\/\/villanizas.com\/\",\"name\":\"Villa Nizas\",\"description\":\"\",\"potentialAction\":[{\"@type\":\"SearchAction\",\"target\":\"https:\/\/villanizas.com\/?s={search_term_string}\",\"query-input\":\"required name=search_term_string\"}],\"inLanguage\":\"en-GB\"},{\"@type\":\"ImageObject\",\"@id\":\"https:\/\/villanizas.com\/#primaryimage\",\"inLanguage\":\"en-GB\",\"url\":\"https:\/\/i2.wp.com\/villanizas.com\/wp-content\/uploads\/2019\/01\/23-View-of-Nizas-village.jpg?fit=1023%2C768&ssl=1\",\"width\":1023,\"height\":768},{\"@type\":\"WebPage\",\"@id\":\"https:\/\/villanizas.com\/#webpage\",\"url\":\"https:\/\/villanizas.com\/\",\"name\":\"Home - Villa Nizas\",\"isPartOf\":{\"@id\":\"https:\/\/villanizas.com\/#website\"},\"primaryImageOfPage\":{\"@id\":\"https:\/\/villanizas.com\/#primaryimage\"},\"datePublished\":\"2019-01-11T09:36:17+00:00\",\"dateModified\":\"2023-11-10T15:41:15+00:00\",\"description\":\"Villa Nizas family holiday villa with private pool near Pezenas, South of France\",\"inLanguage\":\"en-GB\",\"potentialAction\":[{\"@type\":\"ReadAction\",\"target\":[\"https:\/\/villanizas.com\/\"]}]}]}<\/script>\n<!-- \/ Yoast SEO plugin. -->","jetpack_sharing_enabled":true,"jetpack_shortlink":"https:\/\/wp.me\/PaHhi3-f","jetpack-related-posts":[{"id":30,"url":"https:\/\/villanizas.com\/index.php\/the-villa\/","url_meta":{"origin":15,"position":0},"title":"The Villa","date":"11 January 2019","format":false,"excerpt":"Villa Nizas, piscine priv\u00e9e Villa Nizas, location Bedrooms A large bright and modern bedroom with a double bed. Bedroom 2 Freshly decorated bright airy twin room.\u00a0 Needless to say, made with our pure cotton bed linen and generous pillows.\u00a0 Large fitted wardrobes have room for all your things. Villa Nizas,\u2026","rel":"","context":"Similar post","img":{"alt_text":"Villa Nizas","src":"https:\/\/i1.wp.com\/villanizas.com\/wp-content\/uploads\/2024\/06\/VILLA-NIZAS-41-scaled.jpeg?resize=350%2C200&ssl=1","width":350,"height":200},"classes":[]},{"id":7,"url":"https:\/\/villanizas.com\/index.php\/contact\/","url_meta":{"origin":15,"position":1},"title":"Reviews","date":"10 January 2019","format":false,"excerpt":"\"My wife and I have spent 2 or 3 weeks every spring in Villa Nizas since 2016.\u00a0 \u00a0 The location is very quiet on the edge of the village, which has a shop, cafe and post office. Pezenas is 10 minutes drive away, a beautiful medieval town with shops and\u2026","rel":"","context":"Similar post","img":{"alt_text":"","src":"","width":0,"height":0},"classes":[]},{"id":54,"url":"https:\/\/villanizas.com\/index.php\/how-to-find-us\/","url_meta":{"origin":15,"position":2},"title":"How to find us..","date":"11 January 2019","format":false,"excerpt":"Villa Nizas is situated in the beautiful winemaking village of Nizas. We are easily accessible from a number of local and regional airports by car. 4, Chemin des Ch\u00e2taigniers, 34320, Nizas How to find us... AIRPORTS Bezier approx. 25 mins Montpellier 45 mins Carcassonne 1 hour and 15 mins Nimes\u2026","rel":"","context":"Similar post","img":{"alt_text":"","src":"","width":0,"height":0},"classes":[]},{"id":59,"url":"https:\/\/villanizas.com\/index.php\/legal-notices\/","url_meta":{"origin":15,"position":3},"title":"Legal Notices","date":"11 January 2019","format":false,"excerpt":"MENTIONS LEGALES Nous vous remercions de votre visite sur le site www.villanizas.com (ci-apr\u00e8s le \u201cSite\u201d) Informations g\u00e9n\u00e9rales : Ce site est propri\u00e9t\u00e9 de : Brigitte Kerridge Nom du responsable publication : Brigitte Kerridge Ce site a \u00e9t\u00e9 cr\u00e9\u00e9 par : Brigitte Kerridge et Suzanne Fitzgerald Ce site est maintenu par\u2026","rel":"","context":"Similar post","img":{"alt_text":"","src":"","width":0,"height":0},"classes":[]},{"id":10,"url":"https:\/\/villanizas.com\/index.php\/reservations\/","url_meta":{"origin":15,"position":4},"title":"Availability","date":"11 January 2019","format":false,"excerpt":"Please don't hesitate to contact us if you have any questions or would like to book. Contact Brigitte Kerridge 00 33 6 21 90 05 21 Email : Brigitte.Nizas@hotmail.com Availability as at 30\/03\/2026 Rental Rates Start DateEnd Date7 Nights\u00a01 Jan 2026\u00a031 May 2026\u00a36001 June 202630 Jun 2026\u00a37801 Jul 202629 Aug\u2026","rel":"","context":"Similar post","img":{"alt_text":"","src":"","width":0,"height":0},"classes":[]}],"_links":{"self":[{"href":"https:\/\/villanizas.com\/index.php\/wp-json\/wp\/v2\/pages\/15"}],"collection":[{"href":"https:\/\/villanizas.com\/index.php\/wp-json\/wp\/v2\/pages"}],"about":[{"href":"https:\/\/villanizas.com\/index.php\/wp-json\/wp\/v2\/types\/page"}],"author":[{"embeddable":true,"href":"https:\/\/villanizas.com\/index.php\/wp-json\/wp\/v2\/users\/1"}],"replies":[{"embeddable":true,"href":"https:\/\/villanizas.com\/index.php\/wp-json\/wp\/v2\/comments?post=15"}],"version-history":[{"count":59,"href":"https:\/\/villanizas.com\/index.php\/wp-json\/wp\/v2\/pages\/15\/revisions"}],"predecessor-version":[{"id":1558,"href":"https:\/\/villanizas.com\/index.php\/wp-json\/wp\/v2\/pages\/15\/revisions\/1558"}],"wp:attachment":[{"href":"https:\/\/villanizas.com\/index.php\/wp-json\/wp\/v2\/media?parent=15"}],"curies":[{"name":"wp","href":"https:\/\/api.w.org\/{rel}","templated":true}]}}