{"id":1253,"date":"2020-05-31T18:55:18","date_gmt":"2020-05-31T16:55:18","guid":{"rendered":"https:\/\/villanizas.com\/?page_id=1253"},"modified":"2022-12-29T18:16:53","modified_gmt":"2022-12-29T17:16:53","slug":"commentaires","status":"publish","type":"page","link":"https:\/\/villanizas.com\/index.php\/fr\/commentaires\/","title":{"rendered":"Commentaires"},"content":{"rendered":"<div dir=\"auto\"><span style=\"font-size: inherit; color: #0000ff;\">\u00abMa femme et moi avons pass\u00e9 2 ou 3 semaines chaque printemps \u00e0 Villa Nizas depuis 2016.<\/span><\/div>\n<div dir=\"auto\">\n<p><span style=\"color: #0000ff;\">L&#8217;endroit est tr\u00e8s calme en bordure du village, qui a une boutique, un caf\u00e9 et un bureau de poste. P\u00e9zenas est \u00e0 10 minutes en voiture, une belle ville m\u00e9di\u00e9vale avec commerces et restaurants, et un superbe march\u00e9 tous les samedis. La plage est \u00e0 environ 30 minutes, S\u00e8te, Agde et Marseillan m\u00e9ritent une visite. Le c\u00e9l\u00e8bre canal du midi est \u00e9galement \u00e0 proximit\u00e9.<\/span><\/p>\n<p><span style=\"color: #0000ff;\">La villa elle-m\u00eame est tr\u00e8s spacieuse et a \u00e9t\u00e9 red\u00e9cor\u00e9e et r\u00e9cemment meubl\u00e9e sous la direction de Brigitte et Simon.<\/span><\/p>\n<p><span style=\"color: #0000ff;\">La piscine est charmante et est cl\u00f4tur\u00e9e pour la s\u00e9curit\u00e9 des enfants.<\/span><\/p>\n<p><span style=\"color: #0000ff;\">Brigitte et Simon, qui vivent dans la r\u00e9gion, sont toujours utiles pour tout probl\u00e8me trait\u00e9 tr\u00e8s rapidement.<\/span><\/p>\n<p><span style=\"color: #0000ff;\">Je recommande vivement cette villa, vous ne serez pas d\u00e9\u00e7u. &#8220;<\/span><\/p>\n<p><span style=\"color: #0000ff;\">Richard et Penny (Torquay). Mai 2019<\/span><\/p>\n<p>\u00a0<\/p>\n<p><span style=\"color: #ff6600;\">\u00abNous avons pass\u00e9 une semaine fantastique dans cette charmante villa. Il y avait une canicule, donc nous ne sommes pas all\u00e9s nulle part, je suis rest\u00e9 dans la piscine la plupart du temps! Les chambres sont assez grandes, ce qui \u00e9tait agr\u00e9able, et beaucoup d&#8217;espace de rangement dans la chambre des enfants.\u00a0 Il y a de l&#8217;ombre \u00e0 l&#8217;arri\u00e8re de la villa. \u00bb<\/span><\/p>\n<p><span style=\"color: #ff6600;\">John et Anita (Dorset). Juin 2019<\/span><\/p>\n<p>\u00a0<\/p>\n<p>\u00abNous avons pass\u00e9 11 nuits \u00e0 la Villa Nizas en juillet et avons appr\u00e9ci\u00e9 son emplacement paisible en bordure du village. La villa \u00e9tait propre et bien \u00e9quip\u00e9e, et la piscine \u00e9tait charmante. Brigitte la propri\u00e9taire, et son mari vivent \u00e0 seulement 10 minutes et \u00e9taient toutes les deux tr\u00e8s sympathiques et serviables, r\u00e9pondant rapidement \u00e0 toutes nos demandes. \u00bb<\/p>\n<p>Robert et Julie (Ecosse). Juillet 2019<\/p>\n<p>\u00a0<\/p>\n<p><span style=\"color: #339966;\">\u00abNous avons pass\u00e9 un merveilleux s\u00e9jour \u00e0 Villa Nizas. Brigitte \u00e9tait un h\u00f4te superbe tout au long du processus, de la r\u00e9servation \u00e0 l&#8217;accueil en personne de la villa et aux recommandations pendant notre s\u00e9jour.<\/span><br \/><span style=\"color: #339966;\">La villa est tr\u00e8s bien pr\u00e9sent\u00e9e et dans un bel endroit paisible. Le magasin local est \u00e0 quelques pas et a fourni nos baguettes et croissants frais chaque jour.<\/span><br \/><span style=\"color: #339966;\">La piscine \u00e9tait le point culminant pour nos enfants avec la recommandation de Brigitte de faire du cano\u00eb sur l&#8217;Orb. &#8220;<\/span><\/p>\n<p><span style=\"color: #339966;\">Jane (Wimborne) ao\u00fbt 2019<\/span><\/p>\n<p>\u00a0<\/p>\n<p><span style=\"color: #0000ff;\">\u00abFabuleuse villa dans un cadre parfait et il a tout ce que vous pourriez souhaiter, y compris une belle piscine. Brigitte est extr\u00eamement utile si vous avez besoin d&#8217;elle pour quoi que ce soit. Les restaurants de P\u00e9zenas sont \u00e0 10 minutes en voiture et sont nombreux et super, \u00e0 30 minutes des plages de Meze. Nous avons pass\u00e9 2 belles semaines et avons d\u00e9j\u00e0 r\u00e9serv\u00e9 pour l&#8217;ann\u00e9e prochaine notre 7\u00e8me ann\u00e9e dans cette villa.\u00a0 \u00a0 <\/span><span style=\"color: #0000ff;\">Merci Brigitte et Simon. \u00bb<\/span><\/p>\n<\/div>\n<p><span style=\"color: #0000ff;\">\u00a0<\/span><span style=\"color: #0000ff;\">Michele\u00a0 <em><strong>September 2019<\/strong><\/em><\/span><\/p>\n<p>\u00a0<\/p>\n<p><span style=\"color: #ff6600;\">Un s\u00e9jour de 11 nuits \u00e0 la Villa Nizas \u00e9tait un s\u00e9jour formidable et m\u00e9morable!\u00a0 Brigitte, a \u00e9t\u00e9 extr\u00eamement serviable et solidaire d\u00e8s le moment o\u00f9 j&#8217;ai pris contact avec elle. Une h\u00f4te id\u00e9ale qui n&#8217;est pas seulement professionnelle mais sympathique et aimable.<\/span><br \/><span style=\"color: #ff6600;\">L&#8217;emplacement est tout simplement incroyable dans le petit village pittoresque de Nizas&#8230; si vous voulez du calme et de la tranquillit\u00e9,\u00a0 Villa Nizas est fait pour vous!\u00a0 \u00a0 \u00a0 <\/span><span style=\"color: #ff6600;\">La ville de P\u00e9zenas est \u00e0 seulement 5 km en voiture qui a tout ce que vous auriez besoin, d&#8217;un Lidl de bonne taille \u00e0 un immense Carrefour.<\/span><br \/><span style=\"color: #ff6600;\">La Villa elle-m\u00eame est de 2 chambres avec amplement d&#8217;espace \u00e0 l&#8217;int\u00e9rieur et \u00e0 l&#8217;ext\u00e9rieur!\u00a0 \u00a0La piscine est \u00e0 la bonne taille et la bonne profondeur, en particulier pour les enfants.\u00a0 Les barri\u00e8res de s\u00e9curit\u00e9 qui l&#8217;entourent donnent aux parents une tranquillit\u00e9 d&#8217;esprit suppl\u00e9mentaire et les sons de divers oiseaux et grillons sont paisibles!<\/span><\/p>\n<p><span style=\"color: #ff6600;\">Mohamed (Londres)<em><strong> juin 2020<\/strong><\/em><\/span><\/p>\n<p>\u00a0<\/p>\n\n\n<p><\/p>\n\n\n\n<p><\/p>\n\n\n\n<iframe src=\"https:\/\/www.google.com\/maps\/embed?pb=!1m18!1m12!1m3!1d5756523.731207898!2d-0.2683339342281722!3d47.298798570451915!2m3!1f0!2f0!3f0!3m2!1i1024!2i768!4f13.1!3m3!1m2!1s0x12b169f9e247d899%3A0xd0d2e658a6caff9a!2sNizas!5e0!3m2!1sen!2sfr!4v1548065808653\" width=\"600\" height=\"450\" frameborder=\"0\" style=\"border:0\" allowfullscreen=\"\"><\/iframe>\n","protected":false},"excerpt":{"rendered":"<p>\u00abMa femme et moi avons pass\u00e9 2 ou 3 semaines chaque printemps \u00e0 Villa Nizas depuis 2016. L&#8217;endroit est tr\u00e8s calme en bordure du village, qui a une boutique, un caf\u00e9 et un bureau de poste. P\u00e9zenas est \u00e0 10<\/p>\n","protected":false},"author":1,"featured_media":0,"parent":0,"menu_order":10,"comment_status":"closed","ping_status":"closed","template":"","meta":{"spay_email":""},"yoast_head":"<!-- This site is optimized with the Yoast SEO plugin v15.6.2 - https:\/\/yoast.com\/wordpress\/plugins\/seo\/ -->\n<title>Commentaires - Villa Nizas<\/title>\n<meta name=\"robots\" content=\"index, follow, max-snippet:-1, max-image-preview:large, max-video-preview:-1\" \/>\n<link rel=\"canonical\" href=\"https:\/\/villanizas.com\/index.php\/fr\/commentaires\/\" \/>\n<meta property=\"og:locale\" content=\"en_GB\" \/>\n<meta property=\"og:type\" content=\"article\" \/>\n<meta property=\"og:title\" content=\"Commentaires - Villa Nizas\" \/>\n<meta property=\"og:description\" content=\"\u00abMa femme et moi avons pass\u00e9 2 ou 3 semaines chaque printemps \u00e0 Villa Nizas depuis 2016. L&#8217;endroit est tr\u00e8s calme en bordure du village, qui a une boutique, un caf\u00e9 et un bureau de poste. P\u00e9zenas est \u00e0 10\" \/>\n<meta property=\"og:url\" content=\"https:\/\/villanizas.com\/index.php\/fr\/commentaires\/\" \/>\n<meta property=\"og:site_name\" content=\"Villa Nizas\" \/>\n<meta property=\"article:publisher\" content=\"https:\/\/www.facebook.com\/VillaNizas\" \/>\n<meta property=\"article:modified_time\" content=\"2022-12-29T17:16:53+00:00\" \/>\n<meta name=\"twitter:card\" content=\"summary_large_image\" \/>\n<meta name=\"twitter:label1\" content=\"Estimated reading time\">\n\t<meta name=\"twitter:data1\" content=\"3 minutes\">\n<script type=\"application\/ld+json\" class=\"yoast-schema-graph\">{\"@context\":\"https:\/\/schema.org\",\"@graph\":[{\"@type\":\"WebSite\",\"@id\":\"https:\/\/villanizas.com\/#website\",\"url\":\"https:\/\/villanizas.com\/\",\"name\":\"Villa Nizas\",\"description\":\"\",\"potentialAction\":[{\"@type\":\"SearchAction\",\"target\":\"https:\/\/villanizas.com\/?s={search_term_string}\",\"query-input\":\"required name=search_term_string\"}],\"inLanguage\":\"en-GB\"},{\"@type\":\"WebPage\",\"@id\":\"https:\/\/villanizas.com\/index.php\/fr\/commentaires\/#webpage\",\"url\":\"https:\/\/villanizas.com\/index.php\/fr\/commentaires\/\",\"name\":\"Commentaires - Villa Nizas\",\"isPartOf\":{\"@id\":\"https:\/\/villanizas.com\/#website\"},\"datePublished\":\"2020-05-31T16:55:18+00:00\",\"dateModified\":\"2022-12-29T17:16:53+00:00\",\"inLanguage\":\"en-GB\",\"potentialAction\":[{\"@type\":\"ReadAction\",\"target\":[\"https:\/\/villanizas.com\/index.php\/fr\/commentaires\/\"]}]}]}<\/script>\n<!-- \/ Yoast SEO plugin. -->","jetpack_sharing_enabled":true,"jetpack_shortlink":"https:\/\/wp.me\/PaHhi3-kd","jetpack-related-posts":[{"id":1155,"url":"https:\/\/villanizas.com\/index.php\/fr\/home-francais\/","url_meta":{"origin":1253,"position":0},"title":"Accueil","date":"29 May 2020","format":false,"excerpt":"Villa Nizas avec piscine priv\u00e9e Situ\u00e9e en r\u00e9gion viticole du Languedoc cette belle villa est en bordure du village de Nizas, en bout d\u2019un chemin priv\u00e9 mais aussi proche des commerces et restaurant. Vous trouverez le n\u00e9cessaire quotidien dans la sup\u00e9rette du village, et il y a un caf\u00e9 \/restaurant\u2026","rel":"","context":"Similar post","img":{"alt_text":"","src":"","width":0,"height":0},"classes":[]},{"id":1237,"url":"https:\/\/villanizas.com\/index.php\/fr\/la-villa\/","url_meta":{"origin":1253,"position":1},"title":"La Villa","date":"31 May 2020","format":false,"excerpt":"Villa Nizas, piscine priv\u00e9e Les Chambres Une grande chambre lumineuse et moderne avec un lit double. Chambre 2 Chambre lumineuse avec 2 lits simples, fra\u00eechement d\u00e9cor\u00e9e. Avec notre linge de lit en pur coton et nos oreillers g\u00e9n\u00e9reux. De grandes armoires encastr\u00e9es ont de la place pour toutes vos affaires.\u2026","rel":"","context":"Similar post","img":{"alt_text":"Villa Nizas","src":"https:\/\/i1.wp.com\/villanizas.com\/wp-content\/uploads\/2024\/06\/VILLA-NIZAS-41-scaled.jpeg?resize=350%2C200&ssl=1","width":350,"height":200},"classes":[]},{"id":1251,"url":"https:\/\/villanizas.com\/index.php\/fr\/les-environs\/","url_meta":{"origin":1253,"position":2},"title":"Les Environs","date":"31 May 2020","format":false,"excerpt":"Cliquez sur l'ic\u00f4ne \u00e0 gauche du titre de la carte pour voir la liste des lieux","rel":"","context":"Similar post","img":{"alt_text":"","src":"","width":0,"height":0},"classes":[]}],"_links":{"self":[{"href":"https:\/\/villanizas.com\/index.php\/wp-json\/wp\/v2\/pages\/1253"}],"collection":[{"href":"https:\/\/villanizas.com\/index.php\/wp-json\/wp\/v2\/pages"}],"about":[{"href":"https:\/\/villanizas.com\/index.php\/wp-json\/wp\/v2\/types\/page"}],"author":[{"embeddable":true,"href":"https:\/\/villanizas.com\/index.php\/wp-json\/wp\/v2\/users\/1"}],"replies":[{"embeddable":true,"href":"https:\/\/villanizas.com\/index.php\/wp-json\/wp\/v2\/comments?post=1253"}],"version-history":[{"count":11,"href":"https:\/\/villanizas.com\/index.php\/wp-json\/wp\/v2\/pages\/1253\/revisions"}],"predecessor-version":[{"id":1486,"href":"https:\/\/villanizas.com\/index.php\/wp-json\/wp\/v2\/pages\/1253\/revisions\/1486"}],"wp:attachment":[{"href":"https:\/\/villanizas.com\/index.php\/wp-json\/wp\/v2\/media?parent=1253"}],"curies":[{"name":"wp","href":"https:\/\/api.w.org\/{rel}","templated":true}]}}