{"id":1251,"date":"2020-05-31T18:51:26","date_gmt":"2020-05-31T16:51:26","guid":{"rendered":"https:\/\/villanizas.com\/?page_id=1251"},"modified":"2021-08-28T14:07:34","modified_gmt":"2021-08-28T12:07:34","slug":"les-environs","status":"publish","type":"page","link":"https:\/\/villanizas.com\/index.php\/fr\/les-environs\/","title":{"rendered":"Les Environs"},"content":{"rendered":"\n<p>Cliquez sur l&#8217;ic\u00f4ne \u00e0 gauche du titre de la carte pour voir la liste des lieux<\/p>\n\n\n\n<iframe src=\"https:\/\/www.google.com\/maps\/d\/embed?mid=1QVurESO5eBlyw8y9FaTNLYT4OGReVHCm\" width=\"640\" height=\"480\"><\/iframe>\n","protected":false},"excerpt":{"rendered":"<p>Cliquez sur l&#8217;ic\u00f4ne \u00e0 gauche du titre de la carte pour voir la liste des lieux<\/p>\n","protected":false},"author":1,"featured_media":0,"parent":0,"menu_order":8,"comment_status":"closed","ping_status":"closed","template":"","meta":{"spay_email":""},"yoast_head":"<!-- This site is optimized with the Yoast SEO plugin v15.6.2 - https:\/\/yoast.com\/wordpress\/plugins\/seo\/ -->\n<title>Les Environs - Villa Nizas<\/title>\n<meta name=\"description\" content=\"Lots to do &amp; see in this lovely region.. Canoeing, waterparks, beaches, restaurants, markets. Or simply lie by the pool and soak up the sun !\" \/>\n<meta name=\"robots\" content=\"index, follow, max-snippet:-1, max-image-preview:large, max-video-preview:-1\" \/>\n<link rel=\"canonical\" href=\"https:\/\/villanizas.com\/index.php\/fr\/les-environs\/\" \/>\n<meta property=\"og:locale\" content=\"en_GB\" \/>\n<meta property=\"og:type\" content=\"article\" \/>\n<meta property=\"og:title\" content=\"Les Environs - Villa Nizas\" \/>\n<meta property=\"og:description\" content=\"Lots to do &amp; see in this lovely region.. Canoeing, waterparks, beaches, restaurants, markets. Or simply lie by the pool and soak up the sun !\" \/>\n<meta property=\"og:url\" content=\"https:\/\/villanizas.com\/index.php\/fr\/les-environs\/\" \/>\n<meta property=\"og:site_name\" content=\"Villa Nizas\" \/>\n<meta property=\"article:publisher\" content=\"https:\/\/www.facebook.com\/VillaNizas\" \/>\n<meta property=\"article:modified_time\" content=\"2021-08-28T12:07:34+00:00\" \/>\n<meta name=\"twitter:card\" content=\"summary_large_image\" \/>\n<meta name=\"twitter:label1\" content=\"Estimated reading time\">\n\t<meta name=\"twitter:data1\" content=\"1 minute\">\n<script type=\"application\/ld+json\" class=\"yoast-schema-graph\">{\"@context\":\"https:\/\/schema.org\",\"@graph\":[{\"@type\":\"WebSite\",\"@id\":\"https:\/\/villanizas.com\/#website\",\"url\":\"https:\/\/villanizas.com\/\",\"name\":\"Villa Nizas\",\"description\":\"\",\"potentialAction\":[{\"@type\":\"SearchAction\",\"target\":\"https:\/\/villanizas.com\/?s={search_term_string}\",\"query-input\":\"required name=search_term_string\"}],\"inLanguage\":\"en-GB\"},{\"@type\":\"WebPage\",\"@id\":\"https:\/\/villanizas.com\/index.php\/fr\/les-environs\/#webpage\",\"url\":\"https:\/\/villanizas.com\/index.php\/fr\/les-environs\/\",\"name\":\"Les Environs - Villa Nizas\",\"isPartOf\":{\"@id\":\"https:\/\/villanizas.com\/#website\"},\"datePublished\":\"2020-05-31T16:51:26+00:00\",\"dateModified\":\"2021-08-28T12:07:34+00:00\",\"description\":\"Lots to do & see in this lovely region.. Canoeing, waterparks, beaches, restaurants, markets. Or simply lie by the pool and soak up the sun !\",\"inLanguage\":\"en-GB\",\"potentialAction\":[{\"@type\":\"ReadAction\",\"target\":[\"https:\/\/villanizas.com\/index.php\/fr\/les-environs\/\"]}]}]}<\/script>\n<!-- \/ Yoast SEO plugin. -->","jetpack_sharing_enabled":true,"jetpack_shortlink":"https:\/\/wp.me\/PaHhi3-kb","jetpack-related-posts":[{"id":1253,"url":"https:\/\/villanizas.com\/index.php\/fr\/commentaires\/","url_meta":{"origin":1251,"position":0},"title":"Commentaires","date":"31 May 2020","format":false,"excerpt":"\u00abMa femme et moi avons pass\u00e9 2 ou 3 semaines chaque printemps \u00e0 Villa Nizas depuis 2016. L'endroit est tr\u00e8s calme en bordure du village, qui a une boutique, un caf\u00e9 et un bureau de poste. P\u00e9zenas est \u00e0 10 minutes en voiture, une belle ville m\u00e9di\u00e9vale avec commerces et\u2026","rel":"","context":"Similar post","img":{"alt_text":"","src":"","width":0,"height":0},"classes":[]},{"id":1155,"url":"https:\/\/villanizas.com\/index.php\/fr\/home-francais\/","url_meta":{"origin":1251,"position":1},"title":"Accueil","date":"29 May 2020","format":false,"excerpt":"Villa Nizas avec piscine priv\u00e9e Situ\u00e9e en r\u00e9gion viticole du Languedoc cette belle villa est en bordure du village de Nizas, en bout d\u2019un chemin priv\u00e9 mais aussi proche des commerces et restaurant. Vous trouverez le n\u00e9cessaire quotidien dans la sup\u00e9rette du village, et il y a un caf\u00e9 \/restaurant\u2026","rel":"","context":"Similar post","img":{"alt_text":"","src":"","width":0,"height":0},"classes":[]},{"id":1237,"url":"https:\/\/villanizas.com\/index.php\/fr\/la-villa\/","url_meta":{"origin":1251,"position":2},"title":"La Villa","date":"31 May 2020","format":false,"excerpt":"Villa Nizas, piscine priv\u00e9e Les Chambres Une grande chambre lumineuse et moderne avec un lit double. Chambre 2 Chambre lumineuse avec 2 lits simples, fra\u00eechement d\u00e9cor\u00e9e. Avec notre linge de lit en pur coton et nos oreillers g\u00e9n\u00e9reux. De grandes armoires encastr\u00e9es ont de la place pour toutes vos affaires.\u2026","rel":"","context":"Similar post","img":{"alt_text":"Villa Nizas","src":"https:\/\/i1.wp.com\/villanizas.com\/wp-content\/uploads\/2024\/06\/VILLA-NIZAS-41-scaled.jpeg?resize=350%2C200&ssl=1","width":350,"height":200},"classes":[]}],"_links":{"self":[{"href":"https:\/\/villanizas.com\/index.php\/wp-json\/wp\/v2\/pages\/1251"}],"collection":[{"href":"https:\/\/villanizas.com\/index.php\/wp-json\/wp\/v2\/pages"}],"about":[{"href":"https:\/\/villanizas.com\/index.php\/wp-json\/wp\/v2\/types\/page"}],"author":[{"embeddable":true,"href":"https:\/\/villanizas.com\/index.php\/wp-json\/wp\/v2\/users\/1"}],"replies":[{"embeddable":true,"href":"https:\/\/villanizas.com\/index.php\/wp-json\/wp\/v2\/comments?post=1251"}],"version-history":[{"count":2,"href":"https:\/\/villanizas.com\/index.php\/wp-json\/wp\/v2\/pages\/1251\/revisions"}],"predecessor-version":[{"id":1411,"href":"https:\/\/villanizas.com\/index.php\/wp-json\/wp\/v2\/pages\/1251\/revisions\/1411"}],"wp:attachment":[{"href":"https:\/\/villanizas.com\/index.php\/wp-json\/wp\/v2\/media?parent=1251"}],"curies":[{"name":"wp","href":"https:\/\/api.w.org\/{rel}","templated":true}]}}