{"id":1158,"date":"2020-05-29T19:29:03","date_gmt":"2020-05-29T17:29:03","guid":{"rendered":"https:\/\/villanizas.com\/?page_id=1158"},"modified":"2026-03-30T12:19:14","modified_gmt":"2026-03-30T10:19:14","slug":"disponibilite","status":"publish","type":"page","link":"https:\/\/villanizas.com\/index.php\/fr\/disponibilite\/","title":{"rendered":"Disponibilit\u00e9"},"content":{"rendered":"\n<p>N&#8217;h\u00e9sitez pas \u00e0 nous contacter si vous avez des questions ou souhaitez r\u00e9server.<\/p>\n\n\n\n<p>Contact Brigitte Kerridge 00 33 6 21 90 05 21<\/p>\n\n\n\n<p>Email : Brigitte.Nizas@hotmail.com<\/p>\n\n\n\n<p><strong>Disponibilit\u00e9 au 30\/03\/2026<\/strong><\/p>\n\n\n\n<iframe width=\"700\" height=\"630\" src=\"https:\/\/docs.google.com\/spreadsheets\/d\/e\/2PACX-1vT56ydI8Brn1zTFcrUy_8v4tHJqoQVYyMDK1j3XSvlGfYrFtfm_yBbAo3-NV_-pmUuJcAo1a13U0Q_Q\/pubhtml?gid=28942757&amp;single=true&amp;widget=true&amp;headers=false\"><\/iframe>\n\n\n\n<h2>Tarifs de location<\/h2>\n\n\n\n<figure class=\"wp-block-table is-style-regular\"><table><thead><tr><th scope=\"col\"><span class=\"has-inline-color has-vivid-cyan-blue-color\">Date de d\u00e9but<\/span><\/th><th scope=\"col\"><span class=\"has-inline-color has-vivid-cyan-blue-color\">Date de fin<\/span><\/th><th class=\"has-text-align-center\" data-align=\"center\" scope=\"col\"><span class=\"has-inline-color has-vivid-cyan-blue-color\">7 Nuits<\/span><\/th><\/tr><\/thead><tbody><tr><td><strong>1 Jan 2026<\/strong><\/td><td><strong>31 Mai 2026<\/strong><\/td><td class=\"has-text-align-center\" data-align=\"center\"><strong>690 \u20ac<\/strong><\/td><\/tr><tr><td><strong>1 Juin 2026<\/strong><\/td><td><strong>30 Juin 2026<\/strong><\/td><td class=\"has-text-align-center\" data-align=\"center\"><strong>895 \u20ac<\/strong><\/td><\/tr><tr><td><strong>1 Juil 2026<\/strong><\/td><td><strong>29<strong> Ao\u00fbt<\/strong> 2026<\/strong><\/td><td class=\"has-text-align-center\" data-align=\"center\"><strong>1500 \u20ac<\/strong><\/td><\/tr><tr><td><strong>30<strong> Ao\u00fbt<\/strong> 2026<\/strong><\/td><td><strong>14 Sept 2026<\/strong><\/td><td class=\"has-text-align-center\" data-align=\"center\"><strong><strong>895 \u20ac<\/strong><\/strong><\/td><\/tr><tr><td><strong>13 Sept 2026<\/strong><\/td><td><strong>31 Dec 2026<\/strong><\/td><td class=\"has-text-align-center\" data-align=\"center\"><strong><strong>690 \u20ac<\/strong><\/strong><\/td><\/tr><\/tbody><\/table><\/figure>\n\n\n\n<p><strong><\/strong><\/p>\n\n\n\n<p class=\"has-text-align-center\"><strong><em><span class=\"has-inline-color has-vivid-cyan-blue-color\">Il y a une taxe de s\u00e9jour \u00e0 payer de 4.69 \u20ac par jour\/adulte <\/span><\/em><\/strong><\/p>\n\n\n\n<p>Pour les r\u00e9servations de Novembre \u00e0 Mars, piscine non disponible et \u00e9lectricit\u00e9 factur\u00e9e en suppl\u00e9ment.<\/p>\n\n\n\n<p>Nous offrons des tarifs sp\u00e9ciaux pour les locations d&#8217;hiver \u00e0 long terme.<\/p>\n","protected":false},"excerpt":{"rendered":"<p>N&#8217;h\u00e9sitez pas \u00e0 nous contacter si vous avez des questions ou souhaitez r\u00e9server. Contact Brigitte Kerridge 00 33 6 21 90 05 21 Email : Brigitte.Nizas@hotmail.com Disponibilit\u00e9 au 30\/03\/2026 Tarifs de location Date de d\u00e9but Date de fin 7 Nuits<\/p>\n","protected":false},"author":1,"featured_media":0,"parent":0,"menu_order":6,"comment_status":"closed","ping_status":"closed","template":"","meta":{"spay_email":""},"yoast_head":"<!-- This site is optimized with the Yoast SEO plugin v15.6.2 - https:\/\/yoast.com\/wordpress\/plugins\/seo\/ -->\n<title>Disponibilit\u00e9 - Villa Nizas<\/title>\n<meta name=\"robots\" content=\"index, follow, max-snippet:-1, max-image-preview:large, max-video-preview:-1\" \/>\n<link rel=\"canonical\" href=\"https:\/\/villanizas.com\/index.php\/fr\/disponibilite\/\" \/>\n<meta property=\"og:locale\" content=\"en_GB\" \/>\n<meta property=\"og:type\" content=\"article\" \/>\n<meta property=\"og:title\" content=\"Disponibilit\u00e9 - Villa Nizas\" \/>\n<meta property=\"og:description\" content=\"N&#8217;h\u00e9sitez pas \u00e0 nous contacter si vous avez des questions ou souhaitez r\u00e9server. Contact Brigitte Kerridge 00 33 6 21 90 05 21 Email : Brigitte.Nizas@hotmail.com Disponibilit\u00e9 au 30\/03\/2026 Tarifs de location Date de d\u00e9but Date de fin 7 Nuits\" \/>\n<meta property=\"og:url\" content=\"https:\/\/villanizas.com\/index.php\/fr\/disponibilite\/\" \/>\n<meta property=\"og:site_name\" content=\"Villa Nizas\" \/>\n<meta property=\"article:publisher\" content=\"https:\/\/www.facebook.com\/VillaNizas\" \/>\n<meta property=\"article:modified_time\" content=\"2026-03-30T10:19:14+00:00\" \/>\n<meta name=\"twitter:card\" content=\"summary_large_image\" \/>\n<meta name=\"twitter:label1\" content=\"Estimated reading time\">\n\t<meta name=\"twitter:data1\" content=\"1 minute\">\n<script type=\"application\/ld+json\" class=\"yoast-schema-graph\">{\"@context\":\"https:\/\/schema.org\",\"@graph\":[{\"@type\":\"WebSite\",\"@id\":\"https:\/\/villanizas.com\/#website\",\"url\":\"https:\/\/villanizas.com\/\",\"name\":\"Villa Nizas\",\"description\":\"\",\"potentialAction\":[{\"@type\":\"SearchAction\",\"target\":\"https:\/\/villanizas.com\/?s={search_term_string}\",\"query-input\":\"required name=search_term_string\"}],\"inLanguage\":\"en-GB\"},{\"@type\":\"WebPage\",\"@id\":\"https:\/\/villanizas.com\/index.php\/fr\/disponibilite\/#webpage\",\"url\":\"https:\/\/villanizas.com\/index.php\/fr\/disponibilite\/\",\"name\":\"Disponibilit\\u00e9 - Villa Nizas\",\"isPartOf\":{\"@id\":\"https:\/\/villanizas.com\/#website\"},\"datePublished\":\"2020-05-29T17:29:03+00:00\",\"dateModified\":\"2026-03-30T10:19:14+00:00\",\"inLanguage\":\"en-GB\",\"potentialAction\":[{\"@type\":\"ReadAction\",\"target\":[\"https:\/\/villanizas.com\/index.php\/fr\/disponibilite\/\"]}]}]}<\/script>\n<!-- \/ Yoast SEO plugin. -->","jetpack_sharing_enabled":true,"jetpack_shortlink":"https:\/\/wp.me\/PaHhi3-iG","jetpack-related-posts":[{"id":1155,"url":"https:\/\/villanizas.com\/index.php\/fr\/home-francais\/","url_meta":{"origin":1158,"position":0},"title":"Accueil","date":"29 May 2020","format":false,"excerpt":"Villa Nizas avec piscine priv\u00e9e Situ\u00e9e en r\u00e9gion viticole du Languedoc cette belle villa est en bordure du village de Nizas, en bout d\u2019un chemin priv\u00e9 mais aussi proche des commerces et restaurant. Vous trouverez le n\u00e9cessaire quotidien dans la sup\u00e9rette du village, et il y a un caf\u00e9 \/restaurant\u2026","rel":"","context":"Similar post","img":{"alt_text":"","src":"","width":0,"height":0},"classes":[]},{"id":1253,"url":"https:\/\/villanizas.com\/index.php\/fr\/commentaires\/","url_meta":{"origin":1158,"position":1},"title":"Commentaires","date":"31 May 2020","format":false,"excerpt":"\u00abMa femme et moi avons pass\u00e9 2 ou 3 semaines chaque printemps \u00e0 Villa Nizas depuis 2016. L'endroit est tr\u00e8s calme en bordure du village, qui a une boutique, un caf\u00e9 et un bureau de poste. P\u00e9zenas est \u00e0 10 minutes en voiture, une belle ville m\u00e9di\u00e9vale avec commerces et\u2026","rel":"","context":"Similar post","img":{"alt_text":"","src":"","width":0,"height":0},"classes":[]},{"id":1237,"url":"https:\/\/villanizas.com\/index.php\/fr\/la-villa\/","url_meta":{"origin":1158,"position":2},"title":"La Villa","date":"31 May 2020","format":false,"excerpt":"Villa Nizas, piscine priv\u00e9e Les Chambres Une grande chambre lumineuse et moderne avec un lit double. Chambre 2 Chambre lumineuse avec 2 lits simples, fra\u00eechement d\u00e9cor\u00e9e. Avec notre linge de lit en pur coton et nos oreillers g\u00e9n\u00e9reux. De grandes armoires encastr\u00e9es ont de la place pour toutes vos affaires.\u2026","rel":"","context":"Similar post","img":{"alt_text":"Villa Nizas","src":"https:\/\/i1.wp.com\/villanizas.com\/wp-content\/uploads\/2024\/06\/VILLA-NIZAS-41-scaled.jpeg?resize=350%2C200&ssl=1","width":350,"height":200},"classes":[]},{"id":1251,"url":"https:\/\/villanizas.com\/index.php\/fr\/les-environs\/","url_meta":{"origin":1158,"position":3},"title":"Les Environs","date":"31 May 2020","format":false,"excerpt":"Cliquez sur l'ic\u00f4ne \u00e0 gauche du titre de la carte pour voir la liste des lieux","rel":"","context":"Similar post","img":{"alt_text":"","src":"","width":0,"height":0},"classes":[]}],"_links":{"self":[{"href":"https:\/\/villanizas.com\/index.php\/wp-json\/wp\/v2\/pages\/1158"}],"collection":[{"href":"https:\/\/villanizas.com\/index.php\/wp-json\/wp\/v2\/pages"}],"about":[{"href":"https:\/\/villanizas.com\/index.php\/wp-json\/wp\/v2\/types\/page"}],"author":[{"embeddable":true,"href":"https:\/\/villanizas.com\/index.php\/wp-json\/wp\/v2\/users\/1"}],"replies":[{"embeddable":true,"href":"https:\/\/villanizas.com\/index.php\/wp-json\/wp\/v2\/comments?post=1158"}],"version-history":[{"count":116,"href":"https:\/\/villanizas.com\/index.php\/wp-json\/wp\/v2\/pages\/1158\/revisions"}],"predecessor-version":[{"id":1709,"href":"https:\/\/villanizas.com\/index.php\/wp-json\/wp\/v2\/pages\/1158\/revisions\/1709"}],"wp:attachment":[{"href":"https:\/\/villanizas.com\/index.php\/wp-json\/wp\/v2\/media?parent=1158"}],"curies":[{"name":"wp","href":"https:\/\/api.w.org\/{rel}","templated":true}]}}