{"id":1155,"date":"2020-05-29T19:22:28","date_gmt":"2020-05-29T17:22:28","guid":{"rendered":"https:\/\/villanizas.com\/index.php\/home-francais\/"},"modified":"2025-01-07T13:09:28","modified_gmt":"2025-01-07T12:09:28","slug":"home-francais","status":"publish","type":"page","link":"https:\/\/villanizas.com\/index.php\/fr\/home-francais\/","title":{"rendered":"Accueil"},"content":{"rendered":"\n<h2>Villa Nizas avec piscine priv\u00e9e<\/h2>\n\n\n\n<div class=\"wp-block-group\"><div class=\"wp-block-group__inner-container\">\n<div class=\"wp-block-group\"><div class=\"wp-block-group__inner-container\">\n<div class=\"wp-block-media-text alignwide is-stacked-on-mobile\"><figure class=\"wp-block-media-text__media\"><img data-attachment-id=\"1192\" data-permalink=\"https:\/\/villanizas.com\/index.php\/fr\/home-francais\/23-view-of-nizas-village-300x225-3\/\" data-orig-file=\"https:\/\/i2.wp.com\/villanizas.com\/wp-content\/uploads\/2020\/05\/23-View-of-Nizas-village-300x225-3.jpg?fit=300%2C225&amp;ssl=1\" data-orig-size=\"300,225\" data-comments-opened=\"0\" data-image-meta=\"{&quot;aperture&quot;:&quot;0&quot;,&quot;credit&quot;:&quot;&quot;,&quot;camera&quot;:&quot;&quot;,&quot;caption&quot;:&quot;&quot;,&quot;created_timestamp&quot;:&quot;0&quot;,&quot;copyright&quot;:&quot;&quot;,&quot;focal_length&quot;:&quot;0&quot;,&quot;iso&quot;:&quot;0&quot;,&quot;shutter_speed&quot;:&quot;0&quot;,&quot;title&quot;:&quot;&quot;,&quot;orientation&quot;:&quot;0&quot;}\" data-image-title=\"23-View-of-Nizas-village-300&#215;225-3\" data-image-description=\"\" data-medium-file=\"https:\/\/i2.wp.com\/villanizas.com\/wp-content\/uploads\/2020\/05\/23-View-of-Nizas-village-300x225-3.jpg?fit=300%2C225&amp;ssl=1\" data-large-file=\"https:\/\/i2.wp.com\/villanizas.com\/wp-content\/uploads\/2020\/05\/23-View-of-Nizas-village-300x225-3.jpg?fit=300%2C225&amp;ssl=1\" loading=\"lazy\" width=\"300\" height=\"225\" src=\"https:\/\/i2.wp.com\/villanizas.com\/wp-content\/uploads\/2020\/05\/23-View-of-Nizas-village-300x225-3.jpg?resize=300%2C225&#038;ssl=1\" alt=\"\" class=\"wp-image-1192 size-full\" data-recalc-dims=\"1\"\/><\/figure><div class=\"wp-block-media-text__content\">\n<p><\/p>\n\n\n\n<p><\/p>\n\n\n\n<p>Situ\u00e9e en r\u00e9gion viticole du Languedoc cette belle villa est en bordure du village de Nizas, en bout d\u2019un chemin priv\u00e9 mais aussi proche des commerces et restaurant.<\/p>\n\n\n\n<p><\/p>\n\n\n\n<p>Vous trouverez le n\u00e9cessaire quotidien dans la sup\u00e9rette du village, et il y a un caf\u00e9 \/restaurant \u00e0 deux pas de la villa.&nbsp;<\/p>\n<\/div><\/div>\n<\/div><\/div>\n\n\n\n<p><\/p>\n<\/div><\/div>\n\n\n\n<div class=\"wp-block-media-text alignwide has-media-on-the-right is-stacked-on-mobile\" style=\"grid-template-columns:auto 51%\"><figure class=\"wp-block-media-text__media\"><img data-attachment-id=\"1193\" data-permalink=\"https:\/\/villanizas.com\/index.php\/fr\/home-francais\/pezenas-herault\/\" data-orig-file=\"https:\/\/i2.wp.com\/villanizas.com\/wp-content\/uploads\/2020\/05\/Pezenas-Herault.jpg?fit=275%2C183&amp;ssl=1\" data-orig-size=\"275,183\" data-comments-opened=\"0\" data-image-meta=\"{&quot;aperture&quot;:&quot;0&quot;,&quot;credit&quot;:&quot;&quot;,&quot;camera&quot;:&quot;&quot;,&quot;caption&quot;:&quot;&quot;,&quot;created_timestamp&quot;:&quot;0&quot;,&quot;copyright&quot;:&quot;&quot;,&quot;focal_length&quot;:&quot;0&quot;,&quot;iso&quot;:&quot;0&quot;,&quot;shutter_speed&quot;:&quot;0&quot;,&quot;title&quot;:&quot;&quot;,&quot;orientation&quot;:&quot;0&quot;}\" data-image-title=\"Pezenas-Herault\" data-image-description=\"\" data-medium-file=\"https:\/\/i2.wp.com\/villanizas.com\/wp-content\/uploads\/2020\/05\/Pezenas-Herault.jpg?fit=275%2C183&amp;ssl=1\" data-large-file=\"https:\/\/i2.wp.com\/villanizas.com\/wp-content\/uploads\/2020\/05\/Pezenas-Herault.jpg?fit=275%2C183&amp;ssl=1\" loading=\"lazy\" width=\"275\" height=\"183\" src=\"https:\/\/i2.wp.com\/villanizas.com\/wp-content\/uploads\/2020\/05\/Pezenas-Herault.jpg?resize=275%2C183&#038;ssl=1\" alt=\"\" class=\"wp-image-1193 size-full\" data-recalc-dims=\"1\"\/><\/figure><div class=\"wp-block-media-text__content\">\n<p class=\"has-text-align-left\">A 10mn en voiture &nbsp;vous trouverez la tr\u00e8s jolie petite ville de Pezenas, connue pour son histoire et ses \u00e9choppes, ses galeries et son march\u00e9 du samedi.<\/p>\n<\/div><\/div>\n\n\n\n<div class=\"wp-block-media-text alignwide is-stacked-on-mobile\" style=\"grid-template-columns:29% auto\"><figure class=\"wp-block-media-text__media\"><img data-attachment-id=\"1194\" data-permalink=\"https:\/\/villanizas.com\/index.php\/fr\/home-francais\/plage-herault\/\" data-orig-file=\"https:\/\/i0.wp.com\/villanizas.com\/wp-content\/uploads\/2020\/05\/Plage-Herault.jpg?fit=300%2C224&amp;ssl=1\" data-orig-size=\"300,224\" data-comments-opened=\"0\" data-image-meta=\"{&quot;aperture&quot;:&quot;2.8&quot;,&quot;credit&quot;:&quot;&quot;,&quot;camera&quot;:&quot;iPhone 4&quot;,&quot;caption&quot;:&quot;&quot;,&quot;created_timestamp&quot;:&quot;1465050685&quot;,&quot;copyright&quot;:&quot;&quot;,&quot;focal_length&quot;:&quot;3.85&quot;,&quot;iso&quot;:&quot;80&quot;,&quot;shutter_speed&quot;:&quot;0.00026518164942986&quot;,&quot;title&quot;:&quot;&quot;,&quot;orientation&quot;:&quot;1&quot;}\" data-image-title=\"Plage-Herault\" data-image-description=\"\" data-medium-file=\"https:\/\/i0.wp.com\/villanizas.com\/wp-content\/uploads\/2020\/05\/Plage-Herault.jpg?fit=300%2C224&amp;ssl=1\" data-large-file=\"https:\/\/i0.wp.com\/villanizas.com\/wp-content\/uploads\/2020\/05\/Plage-Herault.jpg?fit=300%2C224&amp;ssl=1\" loading=\"lazy\" width=\"300\" height=\"224\" src=\"https:\/\/i0.wp.com\/villanizas.com\/wp-content\/uploads\/2020\/05\/Plage-Herault.jpg?resize=300%2C224&#038;ssl=1\" alt=\"\" class=\"wp-image-1194 size-full\" data-recalc-dims=\"1\"\/><\/figure><div class=\"wp-block-media-text__content\">\n<p>Villa Nizas, avec sa piscine priv\u00e9e, se situe \u00e0 une demie heure de la plage.<\/p>\n<\/div><\/div>\n\n\n\n<div style=\"height:100px\" aria-hidden=\"true\" class=\"wp-block-spacer\"><\/div>\n\n\n\n<h2>Des sports pour tous les go\u00fbts<\/h2>\n\n\n\n<p>Villa Nizas est \u00e9galement tr\u00e8s bien situ\u00e9e pour profiter des diverses activit\u00e9s &nbsp;sportives : canoeing, paragliding, Escalade, golf, tennis et randonn\u00e9es. &nbsp;A environ 30 mn de la villa vous trouverez caves, grottes et superbes balades.<\/p>\n\n\n\n<div style=\"height:100px\" aria-hidden=\"true\" class=\"wp-block-spacer\"><\/div>\n\n\n\n<figure><iframe src=\"https:\/\/www.google.com\/maps\/embed?pb=!1m18!1m12!1m3!1d5756523.731207898!2d-0.2683339342281722!3d47.298798570451915!2m3!1f0!2f0!3f0!3m2!1i1024!2i768!4f13.1!3m3!1m2!1s0x12b169f9e247d899%3A0xd0d2e658a6caff9a!2sNizas!5e0!3m2!1sen!2sfr!4v1548065808653\" width=\"800\" height=\"450\" allowfullscreen=\"\"><\/iframe><\/figure>\n\n\n\n<p><\/p>\n","protected":false},"excerpt":{"rendered":"<p>Villa Nizas avec piscine priv\u00e9e A 10mn en voiture &nbsp;vous trouverez la tr\u00e8s jolie petite ville de Pezenas, connue pour son histoire et ses \u00e9choppes, ses galeries et son march\u00e9 du samedi. Villa Nizas, avec sa piscine priv\u00e9e, se situe<\/p>\n","protected":false},"author":1,"featured_media":0,"parent":0,"menu_order":2,"comment_status":"closed","ping_status":"closed","template":"","meta":{"spay_email":""},"yoast_head":"<!-- This site is optimized with the Yoast SEO plugin v15.6.2 - https:\/\/yoast.com\/wordpress\/plugins\/seo\/ -->\n<title>Accueil - Villa Nizas<\/title>\n<meta name=\"robots\" content=\"index, follow, max-snippet:-1, max-image-preview:large, max-video-preview:-1\" \/>\n<link rel=\"canonical\" href=\"https:\/\/villanizas.com\/index.php\/fr\/home-francais\/\" \/>\n<meta property=\"og:locale\" content=\"en_GB\" \/>\n<meta property=\"og:type\" content=\"article\" \/>\n<meta property=\"og:title\" content=\"Accueil - Villa Nizas\" \/>\n<meta property=\"og:description\" content=\"Villa Nizas avec piscine priv\u00e9e A 10mn en voiture &nbsp;vous trouverez la tr\u00e8s jolie petite ville de Pezenas, connue pour son histoire et ses \u00e9choppes, ses galeries et son march\u00e9 du samedi. Villa Nizas, avec sa piscine priv\u00e9e, se situe\" \/>\n<meta property=\"og:url\" content=\"https:\/\/villanizas.com\/index.php\/fr\/home-francais\/\" \/>\n<meta property=\"og:site_name\" content=\"Villa Nizas\" \/>\n<meta property=\"article:publisher\" content=\"https:\/\/www.facebook.com\/VillaNizas\" \/>\n<meta property=\"article:modified_time\" content=\"2025-01-07T12:09:28+00:00\" \/>\n<meta property=\"og:image\" content=\"https:\/\/villanizas.com\/wp-content\/uploads\/2020\/05\/23-View-of-Nizas-village-300x225-3.jpg\" \/>\n<meta name=\"twitter:card\" content=\"summary_large_image\" \/>\n<meta name=\"twitter:label1\" content=\"Estimated reading time\">\n\t<meta name=\"twitter:data1\" content=\"2 minutes\">\n<script type=\"application\/ld+json\" class=\"yoast-schema-graph\">{\"@context\":\"https:\/\/schema.org\",\"@graph\":[{\"@type\":\"WebSite\",\"@id\":\"https:\/\/villanizas.com\/#website\",\"url\":\"https:\/\/villanizas.com\/\",\"name\":\"Villa Nizas\",\"description\":\"\",\"potentialAction\":[{\"@type\":\"SearchAction\",\"target\":\"https:\/\/villanizas.com\/?s={search_term_string}\",\"query-input\":\"required name=search_term_string\"}],\"inLanguage\":\"en-GB\"},{\"@type\":\"ImageObject\",\"@id\":\"https:\/\/villanizas.com\/index.php\/fr\/home-francais\/#primaryimage\",\"inLanguage\":\"en-GB\",\"url\":\"https:\/\/i2.wp.com\/villanizas.com\/wp-content\/uploads\/2020\/05\/23-View-of-Nizas-village-300x225-3.jpg?fit=300%2C225&ssl=1\",\"width\":300,\"height\":225},{\"@type\":\"WebPage\",\"@id\":\"https:\/\/villanizas.com\/index.php\/fr\/home-francais\/#webpage\",\"url\":\"https:\/\/villanizas.com\/index.php\/fr\/home-francais\/\",\"name\":\"Accueil - Villa Nizas\",\"isPartOf\":{\"@id\":\"https:\/\/villanizas.com\/#website\"},\"primaryImageOfPage\":{\"@id\":\"https:\/\/villanizas.com\/index.php\/fr\/home-francais\/#primaryimage\"},\"datePublished\":\"2020-05-29T17:22:28+00:00\",\"dateModified\":\"2025-01-07T12:09:28+00:00\",\"inLanguage\":\"en-GB\",\"potentialAction\":[{\"@type\":\"ReadAction\",\"target\":[\"https:\/\/villanizas.com\/index.php\/fr\/home-francais\/\"]}]}]}<\/script>\n<!-- \/ Yoast SEO plugin. -->","jetpack_sharing_enabled":true,"jetpack_shortlink":"https:\/\/wp.me\/PaHhi3-iD","jetpack-related-posts":[{"id":1237,"url":"https:\/\/villanizas.com\/index.php\/fr\/la-villa\/","url_meta":{"origin":1155,"position":0},"title":"La Villa","date":"31 May 2020","format":false,"excerpt":"Villa Nizas, piscine priv\u00e9e Les Chambres Une grande chambre lumineuse et moderne avec un lit double. Chambre 2 Chambre lumineuse avec 2 lits simples, fra\u00eechement d\u00e9cor\u00e9e. Avec notre linge de lit en pur coton et nos oreillers g\u00e9n\u00e9reux. De grandes armoires encastr\u00e9es ont de la place pour toutes vos affaires.\u2026","rel":"","context":"Similar post","img":{"alt_text":"Villa Nizas","src":"https:\/\/i1.wp.com\/villanizas.com\/wp-content\/uploads\/2024\/06\/VILLA-NIZAS-41-scaled.jpeg?resize=350%2C200&ssl=1","width":350,"height":200},"classes":[]},{"id":1253,"url":"https:\/\/villanizas.com\/index.php\/fr\/commentaires\/","url_meta":{"origin":1155,"position":1},"title":"Commentaires","date":"31 May 2020","format":false,"excerpt":"\u00abMa femme et moi avons pass\u00e9 2 ou 3 semaines chaque printemps \u00e0 Villa Nizas depuis 2016. L'endroit est tr\u00e8s calme en bordure du village, qui a une boutique, un caf\u00e9 et un bureau de poste. P\u00e9zenas est \u00e0 10 minutes en voiture, une belle ville m\u00e9di\u00e9vale avec commerces et\u2026","rel":"","context":"Similar post","img":{"alt_text":"","src":"","width":0,"height":0},"classes":[]},{"id":1251,"url":"https:\/\/villanizas.com\/index.php\/fr\/les-environs\/","url_meta":{"origin":1155,"position":2},"title":"Les Environs","date":"31 May 2020","format":false,"excerpt":"Cliquez sur l'ic\u00f4ne \u00e0 gauche du titre de la carte pour voir la liste des lieux","rel":"","context":"Similar post","img":{"alt_text":"","src":"","width":0,"height":0},"classes":[]}],"_links":{"self":[{"href":"https:\/\/villanizas.com\/index.php\/wp-json\/wp\/v2\/pages\/1155"}],"collection":[{"href":"https:\/\/villanizas.com\/index.php\/wp-json\/wp\/v2\/pages"}],"about":[{"href":"https:\/\/villanizas.com\/index.php\/wp-json\/wp\/v2\/types\/page"}],"author":[{"embeddable":true,"href":"https:\/\/villanizas.com\/index.php\/wp-json\/wp\/v2\/users\/1"}],"replies":[{"embeddable":true,"href":"https:\/\/villanizas.com\/index.php\/wp-json\/wp\/v2\/comments?post=1155"}],"version-history":[{"count":24,"href":"https:\/\/villanizas.com\/index.php\/wp-json\/wp\/v2\/pages\/1155\/revisions"}],"predecessor-version":[{"id":1461,"href":"https:\/\/villanizas.com\/index.php\/wp-json\/wp\/v2\/pages\/1155\/revisions\/1461"}],"wp:attachment":[{"href":"https:\/\/villanizas.com\/index.php\/wp-json\/wp\/v2\/media?parent=1155"}],"curies":[{"name":"wp","href":"https:\/\/api.w.org\/{rel}","templated":true}]}}