{"id":10,"date":"2019-01-11T10:17:14","date_gmt":"2019-01-11T09:17:14","guid":{"rendered":"http:\/\/villanizas.com\/?page_id=10"},"modified":"2026-03-30T12:18:18","modified_gmt":"2026-03-30T10:18:18","slug":"reservations","status":"publish","type":"page","link":"https:\/\/villanizas.com\/index.php\/reservations\/","title":{"rendered":"Availability"},"content":{"rendered":"\n<p>Please don&#8217;t hesitate to contact us if you have any questions or would like to book.<\/p>\n\n\n\n<p>Contact  Brigitte Kerridge  00 33 6 21 90 05 21  <\/p>\n\n\n\n<p><\/p>\n\n\n\n<p>Email :   Brigitte.Nizas@hotmail.com<\/p>\n\n\n\n<div style=\"height:30px\" aria-hidden=\"true\" class=\"wp-block-spacer\"><\/div>\n\n\n\n<p><strong>Availability as at 30\/03\/2026<\/strong><\/p>\n\n\n\n<div style=\"height:10px\" aria-hidden=\"true\" class=\"wp-block-spacer\"><\/div>\n\n\n\n<div style=\"height:8px\" aria-hidden=\"true\" class=\"wp-block-spacer\"><\/div>\n\n\n\n<iframe width=\"700\" height=\"630\" src=\"https:\/\/docs.google.com\/spreadsheets\/d\/e\/2PACX-1vT56ydI8Brn1zTFcrUy_8v4tHJqoQVYyMDK1j3XSvlGfYrFtfm_yBbAo3-NV_-pmUuJcAo1a13U0Q_Q\/pubhtml?gid=28942757&amp;single=true&amp;widget=true&amp;headers=false\"><\/iframe>\n\n\n\n<p><\/p>\n\n\n\n<p><\/p>\n\n\n\n<h2>Rental Rates<\/h2>\n\n\n\n<div class=\"wp-block-columns\">\n<div class=\"wp-block-column\" style=\"flex-basis:100%\">\n<figure id=\"table-5977\" class=\"wp-block-table tablesaw tablesaw-stack table-bordered table-centered rates-availability-table is-style-regular\"><table><thead><tr><th scope=\"col\"><span style=\"color: #0000ff;\">Start Date<\/span><\/th><th scope=\"col\"><span style=\"color: #0000ff;\">End Date<\/span><\/th><th class=\"has-text-align-center\" data-align=\"center\" scope=\"col\"><span style=\"color: #0000ff;\">7 Nights<\/span><\/th><\/tr><\/thead><tbody><tr><td><span class=\"has-inline-color has-cyan-bluish-gray-color\">&nbsp;<\/span><strong>1 Jan 2026<\/strong><\/td><td>&nbsp;<strong>31 May 2026<\/strong><\/td><td class=\"has-text-align-center\" data-align=\"center\"><strong>\u00a3600<\/strong><\/td><\/tr><tr><td><strong>1 June 2026<\/strong><\/td><td><strong>30 Jun 2026<\/strong><\/td><td class=\"has-text-align-center\" data-align=\"center\"><strong>\u00a3780<\/strong><\/td><\/tr><tr><td><strong>1 Jul 2026<\/strong><\/td><td><strong>29 Aug 2026<\/strong><\/td><td class=\"has-text-align-center\" data-align=\"center\"><strong>\u00a31310<\/strong><\/td><\/tr><tr><td><strong>30 Aug 2026<\/strong><\/td><td><strong>12 Sept 2026<\/strong><\/td><td class=\"has-text-align-center\" data-align=\"center\"><strong>\u00a3780<\/strong><\/td><\/tr><tr><td><strong>13 Sept 2026<\/strong><\/td><td><strong>31 Dec 2026<\/strong><\/td><td class=\"has-text-align-center\" data-align=\"center\"><strong>\u00a3600<\/strong><\/td><\/tr><\/tbody><\/table><\/figure>\n\n\n\n<p><\/p>\n<\/div>\n<\/div>\n\n\n\n<p class=\"has-text-align-center\"> <strong><em><span class=\"has-inline-color has-vivid-cyan-blue-color\">There is a local tourist tax to pay of&nbsp;<\/span><\/em><\/strong><em><span class=\"has-inline-color has-vivid-cyan-blue-color\"><strong>4.69 \u20ac <\/strong><\/span><\/em><strong><em><span class=\"has-inline-color has-vivid-cyan-blue-color\">day \/adult <\/span><\/em><\/strong><\/p>\n\n\n\n<p class=\"has-text-align-center\">For bookings Nov to March pool not available and electricity charged extra.<\/p>\n\n\n\n<p class=\"has-text-align-center\"> We offer special rates for winter long term lets. <\/p>\n\n\n\n<p><\/p>\n\n\n\n<p><\/p>\n","protected":false},"excerpt":{"rendered":"<p>Please don&#8217;t hesitate to contact us if you have any questions or would like to book. Contact Brigitte Kerridge 00 33 6 21 90 05 21 Email : Brigitte.Nizas@hotmail.com Availability as at 30\/03\/2026 Rental Rates Start Date End Date 7<\/p>\n","protected":false},"author":1,"featured_media":0,"parent":0,"menu_order":5,"comment_status":"closed","ping_status":"closed","template":"","meta":{"spay_email":""},"yoast_head":"<!-- This site is optimized with the Yoast SEO plugin v15.6.2 - https:\/\/yoast.com\/wordpress\/plugins\/seo\/ -->\n<title>Availability - Villa Nizas<\/title>\n<meta name=\"robots\" content=\"index, follow, max-snippet:-1, max-image-preview:large, max-video-preview:-1\" \/>\n<link rel=\"canonical\" href=\"https:\/\/villanizas.com\/index.php\/reservations\/\" \/>\n<meta property=\"og:locale\" content=\"en_GB\" \/>\n<meta property=\"og:type\" content=\"article\" \/>\n<meta property=\"og:title\" content=\"Availability - Villa Nizas\" \/>\n<meta property=\"og:description\" content=\"Please don&#8217;t hesitate to contact us if you have any questions or would like to book. Contact Brigitte Kerridge 00 33 6 21 90 05 21 Email : Brigitte.Nizas@hotmail.com Availability as at 30\/03\/2026 Rental Rates Start Date End Date 7\" \/>\n<meta property=\"og:url\" content=\"https:\/\/villanizas.com\/index.php\/reservations\/\" \/>\n<meta property=\"og:site_name\" content=\"Villa Nizas\" \/>\n<meta property=\"article:publisher\" content=\"https:\/\/www.facebook.com\/VillaNizas\" \/>\n<meta property=\"article:modified_time\" content=\"2026-03-30T10:18:18+00:00\" \/>\n<meta name=\"twitter:card\" content=\"summary_large_image\" \/>\n<meta name=\"twitter:label1\" content=\"Estimated reading time\">\n\t<meta name=\"twitter:data1\" content=\"1 minute\">\n<script type=\"application\/ld+json\" class=\"yoast-schema-graph\">{\"@context\":\"https:\/\/schema.org\",\"@graph\":[{\"@type\":\"WebSite\",\"@id\":\"https:\/\/villanizas.com\/#website\",\"url\":\"https:\/\/villanizas.com\/\",\"name\":\"Villa Nizas\",\"description\":\"\",\"potentialAction\":[{\"@type\":\"SearchAction\",\"target\":\"https:\/\/villanizas.com\/?s={search_term_string}\",\"query-input\":\"required name=search_term_string\"}],\"inLanguage\":\"en-GB\"},{\"@type\":\"WebPage\",\"@id\":\"https:\/\/villanizas.com\/index.php\/reservations\/#webpage\",\"url\":\"https:\/\/villanizas.com\/index.php\/reservations\/\",\"name\":\"Availability - Villa Nizas\",\"isPartOf\":{\"@id\":\"https:\/\/villanizas.com\/#website\"},\"datePublished\":\"2019-01-11T09:17:14+00:00\",\"dateModified\":\"2026-03-30T10:18:18+00:00\",\"inLanguage\":\"en-GB\",\"potentialAction\":[{\"@type\":\"ReadAction\",\"target\":[\"https:\/\/villanizas.com\/index.php\/reservations\/\"]}]}]}<\/script>\n<!-- \/ Yoast SEO plugin. -->","jetpack_sharing_enabled":true,"jetpack_shortlink":"https:\/\/wp.me\/PaHhi3-a","jetpack-related-posts":[{"id":59,"url":"https:\/\/villanizas.com\/index.php\/legal-notices\/","url_meta":{"origin":10,"position":0},"title":"Legal Notices","date":"11 January 2019","format":false,"excerpt":"MENTIONS LEGALES Nous vous remercions de votre visite sur le site www.villanizas.com (ci-apr\u00e8s le \u201cSite\u201d) Informations g\u00e9n\u00e9rales : Ce site est propri\u00e9t\u00e9 de : Brigitte Kerridge Nom du responsable publication : Brigitte Kerridge Ce site a \u00e9t\u00e9 cr\u00e9\u00e9 par : Brigitte Kerridge et Suzanne Fitzgerald Ce site est maintenu par\u2026","rel":"","context":"Similar post","img":{"alt_text":"","src":"","width":0,"height":0},"classes":[]},{"id":30,"url":"https:\/\/villanizas.com\/index.php\/the-villa\/","url_meta":{"origin":10,"position":1},"title":"The Villa","date":"11 January 2019","format":false,"excerpt":"Villa Nizas, piscine priv\u00e9e Villa Nizas, location Bedrooms A large bright and modern bedroom with a double bed. Bedroom 2 Freshly decorated bright airy twin room.\u00a0 Needless to say, made with our pure cotton bed linen and generous pillows.\u00a0 Large fitted wardrobes have room for all your things. Villa Nizas,\u2026","rel":"","context":"Similar post","img":{"alt_text":"Villa Nizas","src":"https:\/\/i1.wp.com\/villanizas.com\/wp-content\/uploads\/2024\/06\/VILLA-NIZAS-41-scaled.jpeg?resize=350%2C200&ssl=1","width":350,"height":200},"classes":[]}],"_links":{"self":[{"href":"https:\/\/villanizas.com\/index.php\/wp-json\/wp\/v2\/pages\/10"}],"collection":[{"href":"https:\/\/villanizas.com\/index.php\/wp-json\/wp\/v2\/pages"}],"about":[{"href":"https:\/\/villanizas.com\/index.php\/wp-json\/wp\/v2\/types\/page"}],"author":[{"embeddable":true,"href":"https:\/\/villanizas.com\/index.php\/wp-json\/wp\/v2\/users\/1"}],"replies":[{"embeddable":true,"href":"https:\/\/villanizas.com\/index.php\/wp-json\/wp\/v2\/comments?post=10"}],"version-history":[{"count":182,"href":"https:\/\/villanizas.com\/index.php\/wp-json\/wp\/v2\/pages\/10\/revisions"}],"predecessor-version":[{"id":1708,"href":"https:\/\/villanizas.com\/index.php\/wp-json\/wp\/v2\/pages\/10\/revisions\/1708"}],"wp:attachment":[{"href":"https:\/\/villanizas.com\/index.php\/wp-json\/wp\/v2\/media?parent=10"}],"curies":[{"name":"wp","href":"https:\/\/api.w.org\/{rel}","templated":true}]}}